{"id":2132,"date":"2024-12-16T22:31:24","date_gmt":"2024-12-17T03:31:24","guid":{"rendered":"https:\/\/aguasdebolivar.com.co\/?page_id=2132"},"modified":"2025-04-23T16:20:18","modified_gmt":"2025-04-23T21:20:18","slug":"proyectos-2","status":"publish","type":"page","link":"https:\/\/aguasdebolivar.com.co\/index.php\/proyectos-2\/","title":{"rendered":"Proyectos"},"content":{"rendered":"\t\t<div data-elementor-type=\"wp-page\" data-elementor-id=\"2132\" class=\"elementor elementor-2132\" data-elementor-post-type=\"page\">\n\t\t\t\t<div class=\"elementor-element elementor-element-77f6edb e-flex e-con-boxed e-con e-parent\" data-id=\"77f6edb\" data-element_type=\"container\" data-settings=\"{&quot;jet_parallax_layout_list&quot;:[]}\">\n\t\t\t\t\t<div class=\"e-con-inner\">\n\t\t<div class=\"elementor-element elementor-element-6833da6 e-con-full e-flex e-con e-child\" data-id=\"6833da6\" data-element_type=\"container\" data-settings=\"{&quot;background_background&quot;:&quot;classic&quot;,&quot;jet_parallax_layout_list&quot;:[]}\">\n\t\t\t\t<div class=\"elementor-element elementor-element-c313b7b elementor-widget elementor-widget-heading\" data-id=\"c313b7b\" data-element_type=\"widget\" data-widget_type=\"heading.default\">\n\t\t\t\t<div class=\"elementor-widget-container\">\n\t\t\t\t\t<h2 class=\"elementor-heading-title elementor-size-default\">Proyectos en ejecuci\u00f3n<\/h2>\t\t\t\t<\/div>\n\t\t\t\t<\/div>\n\t\t\t\t<div class=\"elementor-element elementor-element-f2a1d0b elementor-widget elementor-widget-text-editor\" data-id=\"f2a1d0b\" data-element_type=\"widget\" data-widget_type=\"text-editor.default\">\n\t\t\t\t<div class=\"elementor-widget-container\">\n\t\t\t\t\t\t\t\t\t<p><span style=\"vertical-align: inherit;\"><span style=\"vertical-align: inherit;\"><span style=\"vertical-align: inherit;\"><span style=\"vertical-align: inherit;\">Periodo 2025-1<\/span><\/span><\/span><\/span><\/p>\t\t\t\t\t\t\t\t<\/div>\n\t\t\t\t<\/div>\n\t\t\t\t<\/div>\n\t\t\t\t\t<\/div>\n\t\t\t\t<\/div>\n\t\t<div class=\"elementor-element elementor-element-f55a9ad e-flex e-con-boxed e-con e-parent\" data-id=\"f55a9ad\" data-element_type=\"container\" data-settings=\"{&quot;jet_parallax_layout_list&quot;:[]}\">\n\t\t\t\t\t<div class=\"e-con-inner\">\n\t\t\t\t<div class=\"elementor-element elementor-element-ce4e27d elementor-widget elementor-widget-text-editor\" data-id=\"ce4e27d\" data-element_type=\"widget\" data-widget_type=\"text-editor.default\">\n\t\t\t\t<div class=\"elementor-widget-container\">\n\t\t\t\t\t\t\t\t\t<p>Aguas de Bol\u00edvar dise\u00f1a, contrata y supervisa a trav\u00e9s de la Subgerencia T\u00e9cnica, proyectos de infraestructura para agua potable y saneamiento b\u00e1sico. Tambi\u00e9n desarrolla, a trav\u00e9s de la Subgerencia de Aseguramiento, proyectos de asistencia t\u00e9cnica a los municipios para contribuir con la prestaci\u00f3n eficiente de estos servicios. En esta secci\u00f3n podr\u00e1 ver las inversiones efectuadas en cada uno de los municipios del departamento de Bol\u00edvar desde 2012, en infraestructura y aseguramiento de servicios.<\/p>\t\t\t\t\t\t\t\t<\/div>\n\t\t\t\t<\/div>\n\t\t\t\t\t<\/div>\n\t\t\t\t<\/div>\n\t\t<div class=\"elementor-element elementor-element-c6fbcf8 e-flex e-con-boxed e-con e-parent\" data-id=\"c6fbcf8\" data-element_type=\"container\" data-settings=\"{&quot;background_background&quot;:&quot;classic&quot;,&quot;jet_parallax_layout_list&quot;:[]}\">\n\t\t\t\t\t<div class=\"e-con-inner\">\n\t\t\t\t<div class=\"elementor-element elementor-element-a4e3912 elementor-widget elementor-widget-heading\" data-id=\"a4e3912\" data-element_type=\"widget\" data-widget_type=\"heading.default\">\n\t\t\t\t<div class=\"elementor-widget-container\">\n\t\t\t\t\t<h2 class=\"elementor-heading-title elementor-size-default\">Proyectos en ejecuci\u00f3n 2025<\/h2>\t\t\t\t<\/div>\n\t\t\t\t<\/div>\n\t\t\t\t<div class=\"elementor-element elementor-element-c067c54 elementor-widget-divider--view-line elementor-widget elementor-widget-divider\" data-id=\"c067c54\" data-element_type=\"widget\" data-widget_type=\"divider.default\">\n\t\t\t\t<div class=\"elementor-widget-container\">\n\t\t\t\t\t\t\t<div class=\"elementor-divider\">\n\t\t\t<span class=\"elementor-divider-separator\">\n\t\t\t\t\t\t<\/span>\n\t\t<\/div>\n\t\t\t\t\t\t<\/div>\n\t\t\t\t<\/div>\n\t\t\t\t\t<\/div>\n\t\t\t\t<\/div>\n\t\t<div class=\"elementor-element elementor-element-b044f97 e-grid e-con-boxed e-con e-parent\" data-id=\"b044f97\" data-element_type=\"container\" data-settings=\"{&quot;jet_parallax_layout_list&quot;:[]}\">\n\t\t\t\t\t<div class=\"e-con-inner\">\n\t\t\t\t<div class=\"elementor-element elementor-element-be9302f elementor-widget elementor-widget-image\" data-id=\"be9302f\" data-element_type=\"widget\" data-widget_type=\"image.default\">\n\t\t\t\t<div class=\"elementor-widget-container\">\n\t\t\t\t\t\t\t\t\t\t\t\t\t\t\t<img fetchpriority=\"high\" decoding=\"async\" width=\"800\" height=\"473\" src=\"https:\/\/aguasdebolivar.com.co\/wp-content\/uploads\/2025\/04\/Captura-de-pantalla-2025-04-23-161806-1024x605.png\" class=\"attachment-large size-large wp-image-3943\" alt=\"\" srcset=\"https:\/\/aguasdebolivar.com.co\/wp-content\/uploads\/2025\/04\/Captura-de-pantalla-2025-04-23-161806-1024x605.png 1024w, https:\/\/aguasdebolivar.com.co\/wp-content\/uploads\/2025\/04\/Captura-de-pantalla-2025-04-23-161806-300x177.png 300w, https:\/\/aguasdebolivar.com.co\/wp-content\/uploads\/2025\/04\/Captura-de-pantalla-2025-04-23-161806-768x454.png 768w, https:\/\/aguasdebolivar.com.co\/wp-content\/uploads\/2025\/04\/Captura-de-pantalla-2025-04-23-161806.png 1175w\" sizes=\"(max-width: 800px) 100vw, 800px\" \/>\t\t\t\t\t\t\t\t\t\t\t\t\t\t\t<\/div>\n\t\t\t\t<\/div>\n\t\t\t\t<div class=\"elementor-element elementor-element-d59b833 elementor-widget elementor-widget-image\" data-id=\"d59b833\" data-element_type=\"widget\" data-widget_type=\"image.default\">\n\t\t\t\t<div class=\"elementor-widget-container\">\n\t\t\t\t\t\t\t\t\t\t\t\t\t\t\t<img decoding=\"async\" width=\"800\" height=\"390\" src=\"https:\/\/aguasdebolivar.com.co\/wp-content\/uploads\/2025\/04\/Captura-de-pantalla-2025-04-23-161911-1024x499.png\" class=\"attachment-large size-large wp-image-3944\" alt=\"\" srcset=\"https:\/\/aguasdebolivar.com.co\/wp-content\/uploads\/2025\/04\/Captura-de-pantalla-2025-04-23-161911-1024x499.png 1024w, https:\/\/aguasdebolivar.com.co\/wp-content\/uploads\/2025\/04\/Captura-de-pantalla-2025-04-23-161911-300x146.png 300w, https:\/\/aguasdebolivar.com.co\/wp-content\/uploads\/2025\/04\/Captura-de-pantalla-2025-04-23-161911-768x374.png 768w, https:\/\/aguasdebolivar.com.co\/wp-content\/uploads\/2025\/04\/Captura-de-pantalla-2025-04-23-161911.png 1238w\" sizes=\"(max-width: 800px) 100vw, 800px\" \/>\t\t\t\t\t\t\t\t\t\t\t\t\t\t\t<\/div>\n\t\t\t\t<\/div>\n\t\t\t\t\t<\/div>\n\t\t\t\t<\/div>\n\t\t<div class=\"elementor-element elementor-element-6c79811 e-flex e-con-boxed e-con e-parent\" data-id=\"6c79811\" data-element_type=\"container\" data-settings=\"{&quot;jet_parallax_layout_list&quot;:[]}\">\n\t\t\t\t\t<div class=\"e-con-inner\">\n\t\t\t\t<div class=\"elementor-element elementor-element-37810b0 elementor-widget elementor-widget-heading\" data-id=\"37810b0\" data-element_type=\"widget\" data-widget_type=\"heading.default\">\n\t\t\t\t<div class=\"elementor-widget-container\">\n\t\t\t\t\t<h2 class=\"elementor-heading-title elementor-size-default\">Licitaciones<\/h2>\t\t\t\t<\/div>\n\t\t\t\t<\/div>\n\t\t\t\t<div class=\"elementor-element elementor-element-cf054aa elementor-widget-divider--view-line elementor-widget elementor-widget-divider\" data-id=\"cf054aa\" data-element_type=\"widget\" data-widget_type=\"divider.default\">\n\t\t\t\t<div class=\"elementor-widget-container\">\n\t\t\t\t\t\t\t<div class=\"elementor-divider\">\n\t\t\t<span class=\"elementor-divider-separator\">\n\t\t\t\t\t\t<\/span>\n\t\t<\/div>\n\t\t\t\t\t\t<\/div>\n\t\t\t\t<\/div>\n\t\t\t\t<div class=\"elementor-element elementor-element-a8b7207 elementor-widget elementor-widget-text-editor\" data-id=\"a8b7207\" data-element_type=\"widget\" data-widget_type=\"text-editor.default\">\n\t\t\t\t<div class=\"elementor-widget-container\">\n\t\t\t\t\t\t\t\t\t<p>Podr\u00e1s ingresar a trav\u00e9s del siguiente link para consular todas las licitaciones abiertas de Aguas de Bol\u00edvar.<\/p>\t\t\t\t\t\t\t\t<\/div>\n\t\t\t\t<\/div>\n\t\t\t\t<div class=\"elementor-element elementor-element-ef5e9f6 elementor-align-center elementor-widget elementor-widget-button\" data-id=\"ef5e9f6\" data-element_type=\"widget\" data-widget_type=\"button.default\">\n\t\t\t\t<div class=\"elementor-widget-container\">\n\t\t\t\t\t\t\t\t\t<div class=\"elementor-button-wrapper\">\n\t\t\t\t\t<a class=\"elementor-button elementor-button-link elementor-size-sm elementor-animation-grow\" href=\"#\">\n\t\t\t\t\t\t<span class=\"elementor-button-content-wrapper\">\n\t\t\t\t\t\t\t\t\t<span class=\"elementor-button-text\">Ver licitaciones<\/span>\n\t\t\t\t\t<\/span>\n\t\t\t\t\t<\/a>\n\t\t\t\t<\/div>\n\t\t\t\t\t\t\t\t<\/div>\n\t\t\t\t<\/div>\n\t\t<div class=\"elementor-element elementor-element-47f672e e-con-full e-flex e-con e-child\" data-id=\"47f672e\" data-element_type=\"container\" data-settings=\"{&quot;jet_parallax_layout_list&quot;:[]}\">\n\t\t\t\t<div class=\"elementor-element elementor-element-476f119 elementor-widget elementor-widget-jet-table\" data-id=\"476f119\" data-element_type=\"widget\" data-widget_type=\"jet-table.default\">\n\t\t\t\t<div class=\"elementor-widget-container\">\n\t\t\t\t\t<div class=\"elementor-jet-table jet-elements\">\n\t\t<div class=\"jet-table-wrapper\">\n\t\t\t<table class=\"jet-table jet-table--fa5-compat\">\n\t\t\t\t<thead class=\"jet-table__head\"><tr class=\"jet-table__head-row\"><th class=\"jet-table__cell elementor-repeater-item-cb1ac73 jet-table__head-cell\" scope=\"col\"><div class=\"jet-table__cell-inner\"><div class=\"jet-table__cell-content\"><div class=\"jet-table__cell-text\">Nombre del Archivo<\/div><\/div><\/div><\/th><th class=\"jet-table__cell elementor-repeater-item-acada65 jet-table__head-cell\" scope=\"col\"><div class=\"jet-table__cell-inner\"><div class=\"jet-table__cell-content\"><div class=\"jet-table__cell-text\">Link de Descargas<\/div><\/div><\/div><\/th><\/tr><\/thead>\n\t\t\t\t\t\t\t\t<tbody class=\"jet-table__body\"><tr class=\"jet-table__body-row elementor-repeater-item-0104860\"><td class=\"jet-table__cell elementor-repeater-item-e2a20ac jet-table__body-cell\"><div class=\"jet-table__cell-inner\"><div class=\"jet-table__cell-content\"><div class=\"jet-table__cell-text\">Nombre del archivo<\/div><\/div><\/div><\/td><td class=\"jet-table__cell elementor-repeater-item-725d572 jet-table__body-cell\"><div class=\"jet-table__cell-inner\"><div class=\"jet-table__cell-content\"><span class=\"jet-elements-icon jet-table__cell-icon jet-table__cell-icon--before\"><svg aria-hidden=\"true\" class=\"e-font-icon-svg e-fas-arrow-circle-down\" viewBox=\"0 0 512 512\" xmlns=\"http:\/\/www.w3.org\/2000\/svg\"><path d=\"M504 256c0 137-111 248-248 248S8 393 8 256 119 8 256 8s248 111 248 248zm-143.6-28.9L288 302.6V120c0-13.3-10.7-24-24-24h-16c-13.3 0-24 10.7-24 24v182.6l-72.4-75.5c-9.3-9.7-24.8-9.9-34.3-.4l-10.9 11c-9.4 9.4-9.4 24.6 0 33.9L239 404.3c9.4 9.4 24.6 9.4 33.9 0l132.7-132.7c9.4-9.4 9.4-24.6 0-33.9l-10.9-11c-9.5-9.5-25-9.3-34.3.4z\"><\/path><\/svg><\/span><div class=\"jet-table__cell-text\">Descarga<\/div><\/div><\/div><\/td><\/tr><tr class=\"jet-table__body-row elementor-repeater-item-2660cb6\"><td class=\"jet-table__cell elementor-repeater-item-8b4f4db jet-table__body-cell\"><div class=\"jet-table__cell-inner\"><div class=\"jet-table__cell-content\"><div class=\"jet-table__cell-text\">Nombre del archivo<\/div><\/div><\/div><\/td><td class=\"jet-table__cell elementor-repeater-item-1c96056 jet-table__body-cell\"><div class=\"jet-table__cell-inner\"><div class=\"jet-table__cell-content\"><span class=\"jet-elements-icon jet-table__cell-icon jet-table__cell-icon--before\"><svg aria-hidden=\"true\" class=\"e-font-icon-svg e-fas-arrow-circle-down\" viewBox=\"0 0 512 512\" xmlns=\"http:\/\/www.w3.org\/2000\/svg\"><path d=\"M504 256c0 137-111 248-248 248S8 393 8 256 119 8 256 8s248 111 248 248zm-143.6-28.9L288 302.6V120c0-13.3-10.7-24-24-24h-16c-13.3 0-24 10.7-24 24v182.6l-72.4-75.5c-9.3-9.7-24.8-9.9-34.3-.4l-10.9 11c-9.4 9.4-9.4 24.6 0 33.9L239 404.3c9.4 9.4 24.6 9.4 33.9 0l132.7-132.7c9.4-9.4 9.4-24.6 0-33.9l-10.9-11c-9.5-9.5-25-9.3-34.3.4z\"><\/path><\/svg><\/span><div class=\"jet-table__cell-text\">Descarga<\/div><\/div><\/div><\/td><\/tr><tr class=\"jet-table__body-row elementor-repeater-item-40785f8\"><td class=\"jet-table__cell elementor-repeater-item-81d4e9d jet-table__body-cell\"><div class=\"jet-table__cell-inner\"><div class=\"jet-table__cell-content\"><div class=\"jet-table__cell-text\">Nombre del archivo<\/div><\/div><\/div><\/td><td class=\"jet-table__cell elementor-repeater-item-2c49b1c jet-table__body-cell\"><div class=\"jet-table__cell-inner\"><div class=\"jet-table__cell-content\"><span class=\"jet-elements-icon jet-table__cell-icon jet-table__cell-icon--before\"><svg aria-hidden=\"true\" class=\"e-font-icon-svg e-fas-arrow-circle-down\" viewBox=\"0 0 512 512\" xmlns=\"http:\/\/www.w3.org\/2000\/svg\"><path d=\"M504 256c0 137-111 248-248 248S8 393 8 256 119 8 256 8s248 111 248 248zm-143.6-28.9L288 302.6V120c0-13.3-10.7-24-24-24h-16c-13.3 0-24 10.7-24 24v182.6l-72.4-75.5c-9.3-9.7-24.8-9.9-34.3-.4l-10.9 11c-9.4 9.4-9.4 24.6 0 33.9L239 404.3c9.4 9.4 24.6 9.4 33.9 0l132.7-132.7c9.4-9.4 9.4-24.6 0-33.9l-10.9-11c-9.5-9.5-25-9.3-34.3.4z\"><\/path><\/svg><\/span><div class=\"jet-table__cell-text\">Descarga<\/div><\/div><\/div><\/td><\/tr><tr class=\"jet-table__body-row elementor-repeater-item-83e973a\"><td class=\"jet-table__cell elementor-repeater-item-7fae933 jet-table__body-cell\"><div class=\"jet-table__cell-inner\"><div class=\"jet-table__cell-content\"><div class=\"jet-table__cell-text\">Nombre del archivo<\/div><\/div><\/div><\/td><td class=\"jet-table__cell elementor-repeater-item-a4b7e19 jet-table__body-cell\"><div class=\"jet-table__cell-inner\"><div class=\"jet-table__cell-content\"><span class=\"jet-elements-icon jet-table__cell-icon jet-table__cell-icon--before\"><svg aria-hidden=\"true\" class=\"e-font-icon-svg e-fas-arrow-circle-down\" viewBox=\"0 0 512 512\" xmlns=\"http:\/\/www.w3.org\/2000\/svg\"><path d=\"M504 256c0 137-111 248-248 248S8 393 8 256 119 8 256 8s248 111 248 248zm-143.6-28.9L288 302.6V120c0-13.3-10.7-24-24-24h-16c-13.3 0-24 10.7-24 24v182.6l-72.4-75.5c-9.3-9.7-24.8-9.9-34.3-.4l-10.9 11c-9.4 9.4-9.4 24.6 0 33.9L239 404.3c9.4 9.4 24.6 9.4 33.9 0l132.7-132.7c9.4-9.4 9.4-24.6 0-33.9l-10.9-11c-9.5-9.5-25-9.3-34.3.4z\"><\/path><\/svg><\/span><div class=\"jet-table__cell-text\">Descarga<\/div><\/div><\/div><\/td><\/tr><tr class=\"jet-table__body-row elementor-repeater-item-edc1e0f\"><td class=\"jet-table__cell elementor-repeater-item-e1b0d62 jet-table__body-cell\"><div class=\"jet-table__cell-inner\"><div class=\"jet-table__cell-content\"><div class=\"jet-table__cell-text\">Nombre del archivo<\/div><\/div><\/div><\/td><td class=\"jet-table__cell elementor-repeater-item-d79177b jet-table__body-cell\"><div class=\"jet-table__cell-inner\"><div class=\"jet-table__cell-content\"><span class=\"jet-elements-icon jet-table__cell-icon jet-table__cell-icon--before\"><svg aria-hidden=\"true\" class=\"e-font-icon-svg e-fas-arrow-circle-down\" viewBox=\"0 0 512 512\" xmlns=\"http:\/\/www.w3.org\/2000\/svg\"><path d=\"M504 256c0 137-111 248-248 248S8 393 8 256 119 8 256 8s248 111 248 248zm-143.6-28.9L288 302.6V120c0-13.3-10.7-24-24-24h-16c-13.3 0-24 10.7-24 24v182.6l-72.4-75.5c-9.3-9.7-24.8-9.9-34.3-.4l-10.9 11c-9.4 9.4-9.4 24.6 0 33.9L239 404.3c9.4 9.4 24.6 9.4 33.9 0l132.7-132.7c9.4-9.4 9.4-24.6 0-33.9l-10.9-11c-9.5-9.5-25-9.3-34.3.4z\"><\/path><\/svg><\/span><div class=\"jet-table__cell-text\">Descarga<\/div><\/div><\/div><\/td><\/tr><\/tbody>\n\t\t\t<\/table>\n\t\t<\/div>\n\n\t\t<\/div>\t\t\t\t<\/div>\n\t\t\t\t<\/div>\n\t\t\t\t<\/div>\n\t\t\t\t\t<\/div>\n\t\t\t\t<\/div>\n\t\t\t\t<\/div>\n\t\t","protected":false},"excerpt":{"rendered":"<p>Proyectos en ejecuci\u00f3n Periodo 2025-1 Aguas de Bol\u00edvar dise\u00f1a, contrata y supervisa a trav\u00e9s de la Subgerencia T\u00e9cnica, proyectos de infraestructura para agua potable y saneamiento b\u00e1sico. Tambi\u00e9n desarrolla, a trav\u00e9s de la Subgerencia de Aseguramiento, proyectos de asistencia t\u00e9cnica a los municipios para contribuir con la prestaci\u00f3n eficiente de estos servicios. En esta secci\u00f3n [&hellip;]<\/p>\n","protected":false},"author":2,"featured_media":0,"parent":0,"menu_order":0,"comment_status":"closed","ping_status":"closed","template":"elementor_header_footer","meta":{"footnotes":""},"class_list":["post-2132","page","type-page","status-publish","hentry"],"yoast_head":"<!-- This site is optimized with the Yoast SEO plugin v26.8 - https:\/\/yoast.com\/product\/yoast-seo-wordpress\/ -->\n<title>Proyectos - Aguas de Bol\u00edvar SA ESP<\/title>\n<meta name=\"robots\" content=\"index, follow, max-snippet:-1, max-image-preview:large, max-video-preview:-1\" \/>\n<link rel=\"canonical\" href=\"https:\/\/aguasdebolivar.com.co\/index.php\/proyectos-2\/\" \/>\n<meta property=\"og:locale\" content=\"es_ES\" \/>\n<meta property=\"og:type\" content=\"article\" \/>\n<meta property=\"og:title\" content=\"Proyectos - Aguas de Bol\u00edvar SA ESP\" \/>\n<meta property=\"og:description\" content=\"Proyectos en ejecuci\u00f3n Periodo 2025-1 Aguas de Bol\u00edvar dise\u00f1a, contrata y supervisa a trav\u00e9s de la Subgerencia T\u00e9cnica, proyectos de infraestructura para agua potable y saneamiento b\u00e1sico. Tambi\u00e9n desarrolla, a trav\u00e9s de la Subgerencia de Aseguramiento, proyectos de asistencia t\u00e9cnica a los municipios para contribuir con la prestaci\u00f3n eficiente de estos servicios. En esta secci\u00f3n [&hellip;]\" \/>\n<meta property=\"og:url\" content=\"https:\/\/aguasdebolivar.com.co\/index.php\/proyectos-2\/\" \/>\n<meta property=\"og:site_name\" content=\"Aguas de Bol\u00edvar SA ESP\" \/>\n<meta property=\"article:modified_time\" content=\"2025-04-23T21:20:18+00:00\" \/>\n<meta property=\"og:image\" content=\"https:\/\/aguasdebolivar.com.co\/wp-content\/uploads\/2025\/04\/Captura-de-pantalla-2025-04-23-161806-1024x605.png\" \/>\n<meta name=\"twitter:card\" content=\"summary_large_image\" \/>\n<meta name=\"twitter:label1\" content=\"Tiempo de lectura\" \/>\n\t<meta name=\"twitter:data1\" content=\"1 minuto\" \/>\n<script type=\"application\/ld+json\" class=\"yoast-schema-graph\">{\"@context\":\"https:\/\/schema.org\",\"@graph\":[{\"@type\":\"WebPage\",\"@id\":\"https:\/\/aguasdebolivar.com.co\/index.php\/proyectos-2\/\",\"url\":\"https:\/\/aguasdebolivar.com.co\/index.php\/proyectos-2\/\",\"name\":\"Proyectos - Aguas de Bol\u00edvar SA ESP\",\"isPartOf\":{\"@id\":\"https:\/\/aguasdebolivar.com.co\/#website\"},\"primaryImageOfPage\":{\"@id\":\"https:\/\/aguasdebolivar.com.co\/index.php\/proyectos-2\/#primaryimage\"},\"image\":{\"@id\":\"https:\/\/aguasdebolivar.com.co\/index.php\/proyectos-2\/#primaryimage\"},\"thumbnailUrl\":\"https:\/\/aguasdebolivar.com.co\/wp-content\/uploads\/2025\/04\/Captura-de-pantalla-2025-04-23-161806-1024x605.png\",\"datePublished\":\"2024-12-17T03:31:24+00:00\",\"dateModified\":\"2025-04-23T21:20:18+00:00\",\"breadcrumb\":{\"@id\":\"https:\/\/aguasdebolivar.com.co\/index.php\/proyectos-2\/#breadcrumb\"},\"inLanguage\":\"es-CO\",\"potentialAction\":[{\"@type\":\"ReadAction\",\"target\":[\"https:\/\/aguasdebolivar.com.co\/index.php\/proyectos-2\/\"]}]},{\"@type\":\"ImageObject\",\"inLanguage\":\"es-CO\",\"@id\":\"https:\/\/aguasdebolivar.com.co\/index.php\/proyectos-2\/#primaryimage\",\"url\":\"https:\/\/aguasdebolivar.com.co\/wp-content\/uploads\/2025\/04\/Captura-de-pantalla-2025-04-23-161806.png\",\"contentUrl\":\"https:\/\/aguasdebolivar.com.co\/wp-content\/uploads\/2025\/04\/Captura-de-pantalla-2025-04-23-161806.png\",\"width\":1175,\"height\":694},{\"@type\":\"BreadcrumbList\",\"@id\":\"https:\/\/aguasdebolivar.com.co\/index.php\/proyectos-2\/#breadcrumb\",\"itemListElement\":[{\"@type\":\"ListItem\",\"position\":1,\"name\":\"Inicio\",\"item\":\"https:\/\/aguasdebolivar.com.co\/\"},{\"@type\":\"ListItem\",\"position\":2,\"name\":\"Proyectos\"}]},{\"@type\":\"WebSite\",\"@id\":\"https:\/\/aguasdebolivar.com.co\/#website\",\"url\":\"https:\/\/aguasdebolivar.com.co\/\",\"name\":\"Aguas de Bol\u00edvar SA ESP\",\"description\":\"Conectamos Desarrollo.\",\"publisher\":{\"@id\":\"https:\/\/aguasdebolivar.com.co\/#organization\"},\"potentialAction\":[{\"@type\":\"SearchAction\",\"target\":{\"@type\":\"EntryPoint\",\"urlTemplate\":\"https:\/\/aguasdebolivar.com.co\/?s={search_term_string}\"},\"query-input\":{\"@type\":\"PropertyValueSpecification\",\"valueRequired\":true,\"valueName\":\"search_term_string\"}}],\"inLanguage\":\"es-CO\"},{\"@type\":\"Organization\",\"@id\":\"https:\/\/aguasdebolivar.com.co\/#organization\",\"name\":\"Aguas de Bol\u00edvar SA ESP\",\"url\":\"https:\/\/aguasdebolivar.com.co\/\",\"logo\":{\"@type\":\"ImageObject\",\"inLanguage\":\"es-CO\",\"@id\":\"https:\/\/aguasdebolivar.com.co\/#\/schema\/logo\/image\/\",\"url\":\"https:\/\/aguasdebolivar.com.co\/wp-content\/uploads\/2024\/12\/logo_oficial_aguasdebolivar.svg\",\"contentUrl\":\"https:\/\/aguasdebolivar.com.co\/wp-content\/uploads\/2024\/12\/logo_oficial_aguasdebolivar.svg\",\"width\":1974,\"height\":865,\"caption\":\"Aguas de Bol\u00edvar SA ESP\"},\"image\":{\"@id\":\"https:\/\/aguasdebolivar.com.co\/#\/schema\/logo\/image\/\"}}]}<\/script>\n<!-- \/ Yoast SEO plugin. -->","yoast_head_json":{"title":"Proyectos - Aguas de Bol\u00edvar SA ESP","robots":{"index":"index","follow":"follow","max-snippet":"max-snippet:-1","max-image-preview":"max-image-preview:large","max-video-preview":"max-video-preview:-1"},"canonical":"https:\/\/aguasdebolivar.com.co\/index.php\/proyectos-2\/","og_locale":"es_ES","og_type":"article","og_title":"Proyectos - Aguas de Bol\u00edvar SA ESP","og_description":"Proyectos en ejecuci\u00f3n Periodo 2025-1 Aguas de Bol\u00edvar dise\u00f1a, contrata y supervisa a trav\u00e9s de la Subgerencia T\u00e9cnica, proyectos de infraestructura para agua potable y saneamiento b\u00e1sico. Tambi\u00e9n desarrolla, a trav\u00e9s de la Subgerencia de Aseguramiento, proyectos de asistencia t\u00e9cnica a los municipios para contribuir con la prestaci\u00f3n eficiente de estos servicios. En esta secci\u00f3n [&hellip;]","og_url":"https:\/\/aguasdebolivar.com.co\/index.php\/proyectos-2\/","og_site_name":"Aguas de Bol\u00edvar SA ESP","article_modified_time":"2025-04-23T21:20:18+00:00","og_image":[{"url":"https:\/\/aguasdebolivar.com.co\/wp-content\/uploads\/2025\/04\/Captura-de-pantalla-2025-04-23-161806-1024x605.png","type":"","width":"","height":""}],"twitter_card":"summary_large_image","twitter_misc":{"Tiempo de lectura":"1 minuto"},"schema":{"@context":"https:\/\/schema.org","@graph":[{"@type":"WebPage","@id":"https:\/\/aguasdebolivar.com.co\/index.php\/proyectos-2\/","url":"https:\/\/aguasdebolivar.com.co\/index.php\/proyectos-2\/","name":"Proyectos - Aguas de Bol\u00edvar SA ESP","isPartOf":{"@id":"https:\/\/aguasdebolivar.com.co\/#website"},"primaryImageOfPage":{"@id":"https:\/\/aguasdebolivar.com.co\/index.php\/proyectos-2\/#primaryimage"},"image":{"@id":"https:\/\/aguasdebolivar.com.co\/index.php\/proyectos-2\/#primaryimage"},"thumbnailUrl":"https:\/\/aguasdebolivar.com.co\/wp-content\/uploads\/2025\/04\/Captura-de-pantalla-2025-04-23-161806-1024x605.png","datePublished":"2024-12-17T03:31:24+00:00","dateModified":"2025-04-23T21:20:18+00:00","breadcrumb":{"@id":"https:\/\/aguasdebolivar.com.co\/index.php\/proyectos-2\/#breadcrumb"},"inLanguage":"es-CO","potentialAction":[{"@type":"ReadAction","target":["https:\/\/aguasdebolivar.com.co\/index.php\/proyectos-2\/"]}]},{"@type":"ImageObject","inLanguage":"es-CO","@id":"https:\/\/aguasdebolivar.com.co\/index.php\/proyectos-2\/#primaryimage","url":"https:\/\/aguasdebolivar.com.co\/wp-content\/uploads\/2025\/04\/Captura-de-pantalla-2025-04-23-161806.png","contentUrl":"https:\/\/aguasdebolivar.com.co\/wp-content\/uploads\/2025\/04\/Captura-de-pantalla-2025-04-23-161806.png","width":1175,"height":694},{"@type":"BreadcrumbList","@id":"https:\/\/aguasdebolivar.com.co\/index.php\/proyectos-2\/#breadcrumb","itemListElement":[{"@type":"ListItem","position":1,"name":"Inicio","item":"https:\/\/aguasdebolivar.com.co\/"},{"@type":"ListItem","position":2,"name":"Proyectos"}]},{"@type":"WebSite","@id":"https:\/\/aguasdebolivar.com.co\/#website","url":"https:\/\/aguasdebolivar.com.co\/","name":"Aguas de Bol\u00edvar SA ESP","description":"Conectamos Desarrollo.","publisher":{"@id":"https:\/\/aguasdebolivar.com.co\/#organization"},"potentialAction":[{"@type":"SearchAction","target":{"@type":"EntryPoint","urlTemplate":"https:\/\/aguasdebolivar.com.co\/?s={search_term_string}"},"query-input":{"@type":"PropertyValueSpecification","valueRequired":true,"valueName":"search_term_string"}}],"inLanguage":"es-CO"},{"@type":"Organization","@id":"https:\/\/aguasdebolivar.com.co\/#organization","name":"Aguas de Bol\u00edvar SA ESP","url":"https:\/\/aguasdebolivar.com.co\/","logo":{"@type":"ImageObject","inLanguage":"es-CO","@id":"https:\/\/aguasdebolivar.com.co\/#\/schema\/logo\/image\/","url":"https:\/\/aguasdebolivar.com.co\/wp-content\/uploads\/2024\/12\/logo_oficial_aguasdebolivar.svg","contentUrl":"https:\/\/aguasdebolivar.com.co\/wp-content\/uploads\/2024\/12\/logo_oficial_aguasdebolivar.svg","width":1974,"height":865,"caption":"Aguas de Bol\u00edvar SA ESP"},"image":{"@id":"https:\/\/aguasdebolivar.com.co\/#\/schema\/logo\/image\/"}}]}},"_links":{"self":[{"href":"https:\/\/aguasdebolivar.com.co\/index.php\/wp-json\/wp\/v2\/pages\/2132","targetHints":{"allow":["GET"]}}],"collection":[{"href":"https:\/\/aguasdebolivar.com.co\/index.php\/wp-json\/wp\/v2\/pages"}],"about":[{"href":"https:\/\/aguasdebolivar.com.co\/index.php\/wp-json\/wp\/v2\/types\/page"}],"author":[{"embeddable":true,"href":"https:\/\/aguasdebolivar.com.co\/index.php\/wp-json\/wp\/v2\/users\/2"}],"replies":[{"embeddable":true,"href":"https:\/\/aguasdebolivar.com.co\/index.php\/wp-json\/wp\/v2\/comments?post=2132"}],"version-history":[{"count":70,"href":"https:\/\/aguasdebolivar.com.co\/index.php\/wp-json\/wp\/v2\/pages\/2132\/revisions"}],"predecessor-version":[{"id":3947,"href":"https:\/\/aguasdebolivar.com.co\/index.php\/wp-json\/wp\/v2\/pages\/2132\/revisions\/3947"}],"wp:attachment":[{"href":"https:\/\/aguasdebolivar.com.co\/index.php\/wp-json\/wp\/v2\/media?parent=2132"}],"curies":[{"name":"wp","href":"https:\/\/api.w.org\/{rel}","templated":true}]}}