{"id":3683,"date":"2024-12-19T21:27:28","date_gmt":"2024-12-20T02:27:28","guid":{"rendered":"https:\/\/aguasdebolivar.com.co\/?page_id=3683"},"modified":"2026-04-17T12:05:16","modified_gmt":"2026-04-17T17:05:16","slug":"sistema-de-gestion","status":"publish","type":"page","link":"https:\/\/aguasdebolivar.com.co\/index.php\/sistema-de-gestion\/","title":{"rendered":"Sistema de Gesti\u00f3n"},"content":{"rendered":"\t\t<div data-elementor-type=\"wp-page\" data-elementor-id=\"3683\" class=\"elementor elementor-3683\" data-elementor-post-type=\"page\">\n\t\t\t\t<div class=\"elementor-element elementor-element-77f6edb e-flex e-con-boxed e-con e-parent\" data-id=\"77f6edb\" data-element_type=\"container\" data-settings=\"{&quot;jet_parallax_layout_list&quot;:[]}\">\n\t\t\t\t\t<div class=\"e-con-inner\">\n\t\t<div class=\"elementor-element elementor-element-6833da6 e-con-full e-flex e-con e-child\" data-id=\"6833da6\" data-element_type=\"container\" data-settings=\"{&quot;background_background&quot;:&quot;classic&quot;,&quot;jet_parallax_layout_list&quot;:[]}\">\n\t\t\t\t<div class=\"elementor-element elementor-element-c313b7b elementor-widget elementor-widget-heading\" data-id=\"c313b7b\" data-element_type=\"widget\" data-widget_type=\"heading.default\">\n\t\t\t\t<div class=\"elementor-widget-container\">\n\t\t\t\t\t<h2 class=\"elementor-heading-title elementor-size-default\">Sistema de Gesti\u00f3n<\/h2>\t\t\t\t<\/div>\n\t\t\t\t<\/div>\n\t\t\t\t<div class=\"elementor-element elementor-element-f2a1d0b elementor-widget elementor-widget-text-editor\" data-id=\"f2a1d0b\" data-element_type=\"widget\" data-widget_type=\"text-editor.default\">\n\t\t\t\t<div class=\"elementor-widget-container\">\n\t\t\t\t\t\t\t\t\t<p><span style=\"vertical-align: inherit;\"><span style=\"vertical-align: inherit;\"><span style=\"vertical-align: inherit;\"><span style=\"vertical-align: inherit;\">Aguas de Bol\u00edvar<\/span><\/span><\/span><\/span><\/p>\t\t\t\t\t\t\t\t<\/div>\n\t\t\t\t<\/div>\n\t\t\t\t<\/div>\n\t\t\t\t\t<\/div>\n\t\t\t\t<\/div>\n\t\t<div class=\"elementor-element elementor-element-3e21177 e-flex e-con-boxed e-con e-parent\" data-id=\"3e21177\" data-element_type=\"container\" data-settings=\"{&quot;jet_parallax_layout_list&quot;:[]}\">\n\t\t\t\t\t<div class=\"e-con-inner\">\n\t\t\t\t<div class=\"elementor-element elementor-element-ce4e27d elementor-widget elementor-widget-text-editor\" data-id=\"ce4e27d\" data-element_type=\"widget\" data-widget_type=\"text-editor.default\">\n\t\t\t\t<div class=\"elementor-widget-container\">\n\t\t\t\t\t\t\t\t\t<h1>EN CONSTRUCCI\u00d3N<\/h1>\t\t\t\t\t\t\t\t<\/div>\n\t\t\t\t<\/div>\n\t\t\t\t\t<\/div>\n\t\t\t\t<\/div>\n\t\t<div class=\"elementor-element elementor-element-999e119 e-flex e-con-boxed e-con e-parent\" data-id=\"999e119\" data-element_type=\"container\" data-settings=\"{&quot;jet_parallax_layout_list&quot;:[]}\">\n\t\t\t\t\t<div class=\"e-con-inner\">\n\t\t<div class=\"elementor-element elementor-element-73e208b e-con-full e-flex e-con e-child\" data-id=\"73e208b\" data-element_type=\"container\" data-settings=\"{&quot;jet_parallax_layout_list&quot;:[]}\">\n\t\t\t\t<div class=\"elementor-element elementor-element-81258e0 elementor-widget elementor-widget-heading\" data-id=\"81258e0\" data-element_type=\"widget\" data-widget_type=\"heading.default\">\n\t\t\t\t<div class=\"elementor-widget-container\">\n\t\t\t\t\t<h2 class=\"elementor-heading-title elementor-size-default\">Anexos<\/h2>\t\t\t\t<\/div>\n\t\t\t\t<\/div>\n\t\t\t\t<div class=\"elementor-element elementor-element-5006db4 elementor-widget-divider--view-line elementor-widget elementor-widget-divider\" data-id=\"5006db4\" data-element_type=\"widget\" data-widget_type=\"divider.default\">\n\t\t\t\t<div class=\"elementor-widget-container\">\n\t\t\t\t\t\t\t<div class=\"elementor-divider\">\n\t\t\t<span class=\"elementor-divider-separator\">\n\t\t\t\t\t\t<\/span>\n\t\t<\/div>\n\t\t\t\t\t\t<\/div>\n\t\t\t\t<\/div>\n\t\t\t\t<div class=\"elementor-element elementor-element-3fddc14 elementor-widget elementor-widget-jet-table\" data-id=\"3fddc14\" data-element_type=\"widget\" data-widget_type=\"jet-table.default\">\n\t\t\t\t<div class=\"elementor-widget-container\">\n\t\t\t\t\t<div class=\"elementor-jet-table jet-elements\">\n\t\t<div class=\"jet-table-wrapper\">\n\t\t\t<table class=\"jet-table jet-table--fa5-compat\">\n\t\t\t\t<thead class=\"jet-table__head\"><tr class=\"jet-table__head-row\"><th class=\"jet-table__cell elementor-repeater-item-cb1ac73 jet-table__head-cell\" scope=\"col\"><div class=\"jet-table__cell-inner\"><div class=\"jet-table__cell-content\"><div class=\"jet-table__cell-text\">Nombre del Archivo<\/div><\/div><\/div><\/th><th class=\"jet-table__cell elementor-repeater-item-acada65 jet-table__head-cell\" scope=\"col\"><div class=\"jet-table__cell-inner\"><div class=\"jet-table__cell-content\"><div class=\"jet-table__cell-text\">Link de Descargas<\/div><\/div><\/div><\/th><\/tr><\/thead>\n\t\t\t\t\t\t\t\t<tbody class=\"jet-table__body\"><tr class=\"jet-table__body-row elementor-repeater-item-0104860\"><td class=\"jet-table__cell elementor-repeater-item-e2a20ac jet-table__body-cell\"><div class=\"jet-table__cell-inner\"><div class=\"jet-table__cell-content\"><div class=\"jet-table__cell-text\">Nombre del archivo<\/div><\/div><\/div><\/td><td class=\"jet-table__cell elementor-repeater-item-725d572 jet-table__body-cell\"><div class=\"jet-table__cell-inner\"><div class=\"jet-table__cell-content\"><span class=\"jet-elements-icon jet-table__cell-icon jet-table__cell-icon--before\"><svg aria-hidden=\"true\" class=\"e-font-icon-svg e-fas-arrow-circle-down\" viewBox=\"0 0 512 512\" xmlns=\"http:\/\/www.w3.org\/2000\/svg\"><path d=\"M504 256c0 137-111 248-248 248S8 393 8 256 119 8 256 8s248 111 248 248zm-143.6-28.9L288 302.6V120c0-13.3-10.7-24-24-24h-16c-13.3 0-24 10.7-24 24v182.6l-72.4-75.5c-9.3-9.7-24.8-9.9-34.3-.4l-10.9 11c-9.4 9.4-9.4 24.6 0 33.9L239 404.3c9.4 9.4 24.6 9.4 33.9 0l132.7-132.7c9.4-9.4 9.4-24.6 0-33.9l-10.9-11c-9.5-9.5-25-9.3-34.3.4z\"><\/path><\/svg><\/span><div class=\"jet-table__cell-text\">Descarga<\/div><\/div><\/div><\/td><\/tr><tr class=\"jet-table__body-row elementor-repeater-item-2660cb6\"><td class=\"jet-table__cell elementor-repeater-item-8b4f4db jet-table__body-cell\"><div class=\"jet-table__cell-inner\"><div class=\"jet-table__cell-content\"><div class=\"jet-table__cell-text\">Nombre del archivo<\/div><\/div><\/div><\/td><td class=\"jet-table__cell elementor-repeater-item-1c96056 jet-table__body-cell\"><div class=\"jet-table__cell-inner\"><div class=\"jet-table__cell-content\"><span class=\"jet-elements-icon jet-table__cell-icon jet-table__cell-icon--before\"><svg aria-hidden=\"true\" class=\"e-font-icon-svg e-fas-arrow-circle-down\" viewBox=\"0 0 512 512\" xmlns=\"http:\/\/www.w3.org\/2000\/svg\"><path d=\"M504 256c0 137-111 248-248 248S8 393 8 256 119 8 256 8s248 111 248 248zm-143.6-28.9L288 302.6V120c0-13.3-10.7-24-24-24h-16c-13.3 0-24 10.7-24 24v182.6l-72.4-75.5c-9.3-9.7-24.8-9.9-34.3-.4l-10.9 11c-9.4 9.4-9.4 24.6 0 33.9L239 404.3c9.4 9.4 24.6 9.4 33.9 0l132.7-132.7c9.4-9.4 9.4-24.6 0-33.9l-10.9-11c-9.5-9.5-25-9.3-34.3.4z\"><\/path><\/svg><\/span><div class=\"jet-table__cell-text\">Descarga<\/div><\/div><\/div><\/td><\/tr><tr class=\"jet-table__body-row elementor-repeater-item-40785f8\"><td class=\"jet-table__cell elementor-repeater-item-81d4e9d jet-table__body-cell\"><div class=\"jet-table__cell-inner\"><div class=\"jet-table__cell-content\"><div class=\"jet-table__cell-text\">Nombre del archivo<\/div><\/div><\/div><\/td><td class=\"jet-table__cell elementor-repeater-item-2c49b1c jet-table__body-cell\"><div class=\"jet-table__cell-inner\"><div class=\"jet-table__cell-content\"><span class=\"jet-elements-icon jet-table__cell-icon jet-table__cell-icon--before\"><svg aria-hidden=\"true\" class=\"e-font-icon-svg e-fas-arrow-circle-down\" viewBox=\"0 0 512 512\" xmlns=\"http:\/\/www.w3.org\/2000\/svg\"><path d=\"M504 256c0 137-111 248-248 248S8 393 8 256 119 8 256 8s248 111 248 248zm-143.6-28.9L288 302.6V120c0-13.3-10.7-24-24-24h-16c-13.3 0-24 10.7-24 24v182.6l-72.4-75.5c-9.3-9.7-24.8-9.9-34.3-.4l-10.9 11c-9.4 9.4-9.4 24.6 0 33.9L239 404.3c9.4 9.4 24.6 9.4 33.9 0l132.7-132.7c9.4-9.4 9.4-24.6 0-33.9l-10.9-11c-9.5-9.5-25-9.3-34.3.4z\"><\/path><\/svg><\/span><div class=\"jet-table__cell-text\">Descarga<\/div><\/div><\/div><\/td><\/tr><tr class=\"jet-table__body-row elementor-repeater-item-83e973a\"><td class=\"jet-table__cell elementor-repeater-item-7fae933 jet-table__body-cell\"><div class=\"jet-table__cell-inner\"><div class=\"jet-table__cell-content\"><div class=\"jet-table__cell-text\">Nombre del archivo<\/div><\/div><\/div><\/td><td class=\"jet-table__cell elementor-repeater-item-a4b7e19 jet-table__body-cell\"><div class=\"jet-table__cell-inner\"><div class=\"jet-table__cell-content\"><span class=\"jet-elements-icon jet-table__cell-icon jet-table__cell-icon--before\"><svg aria-hidden=\"true\" class=\"e-font-icon-svg e-fas-arrow-circle-down\" viewBox=\"0 0 512 512\" xmlns=\"http:\/\/www.w3.org\/2000\/svg\"><path d=\"M504 256c0 137-111 248-248 248S8 393 8 256 119 8 256 8s248 111 248 248zm-143.6-28.9L288 302.6V120c0-13.3-10.7-24-24-24h-16c-13.3 0-24 10.7-24 24v182.6l-72.4-75.5c-9.3-9.7-24.8-9.9-34.3-.4l-10.9 11c-9.4 9.4-9.4 24.6 0 33.9L239 404.3c9.4 9.4 24.6 9.4 33.9 0l132.7-132.7c9.4-9.4 9.4-24.6 0-33.9l-10.9-11c-9.5-9.5-25-9.3-34.3.4z\"><\/path><\/svg><\/span><div class=\"jet-table__cell-text\">Descarga<\/div><\/div><\/div><\/td><\/tr><tr class=\"jet-table__body-row elementor-repeater-item-edc1e0f\"><td class=\"jet-table__cell elementor-repeater-item-e1b0d62 jet-table__body-cell\"><div class=\"jet-table__cell-inner\"><div class=\"jet-table__cell-content\"><div class=\"jet-table__cell-text\">Nombre del archivo<\/div><\/div><\/div><\/td><td class=\"jet-table__cell elementor-repeater-item-d79177b jet-table__body-cell\"><div class=\"jet-table__cell-inner\"><div class=\"jet-table__cell-content\"><span class=\"jet-elements-icon jet-table__cell-icon jet-table__cell-icon--before\"><svg aria-hidden=\"true\" class=\"e-font-icon-svg e-fas-arrow-circle-down\" viewBox=\"0 0 512 512\" xmlns=\"http:\/\/www.w3.org\/2000\/svg\"><path d=\"M504 256c0 137-111 248-248 248S8 393 8 256 119 8 256 8s248 111 248 248zm-143.6-28.9L288 302.6V120c0-13.3-10.7-24-24-24h-16c-13.3 0-24 10.7-24 24v182.6l-72.4-75.5c-9.3-9.7-24.8-9.9-34.3-.4l-10.9 11c-9.4 9.4-9.4 24.6 0 33.9L239 404.3c9.4 9.4 24.6 9.4 33.9 0l132.7-132.7c9.4-9.4 9.4-24.6 0-33.9l-10.9-11c-9.5-9.5-25-9.3-34.3.4z\"><\/path><\/svg><\/span><div class=\"jet-table__cell-text\">Descarga<\/div><\/div><\/div><\/td><\/tr><\/tbody>\n\t\t\t<\/table>\n\t\t<\/div>\n\n\t\t<\/div>\t\t\t\t<\/div>\n\t\t\t\t<\/div>\n\t\t\t\t<\/div>\n\t\t\t\t\t<\/div>\n\t\t\t\t<\/div>\n\t\t\t\t<\/div>\n\t\t","protected":false},"excerpt":{"rendered":"<p>Sistema de Gesti\u00f3n Aguas de Bol\u00edvar EN CONSTRUCCI\u00d3N Anexos Nombre del Archivo Link de Descargas Nombre del archivo Descarga Nombre del archivo Descarga Nombre del archivo Descarga Nombre del archivo Descarga Nombre del archivo Descarga<\/p>\n","protected":false},"author":2,"featured_media":0,"parent":0,"menu_order":0,"comment_status":"closed","ping_status":"closed","template":"elementor_header_footer","meta":{"footnotes":""},"class_list":["post-3683","page","type-page","status-publish","hentry"],"yoast_head":"<!-- This site is optimized with the Yoast SEO plugin v26.8 - https:\/\/yoast.com\/product\/yoast-seo-wordpress\/ -->\n<title>Sistema de Gesti\u00f3n - Aguas de Bol\u00edvar SA ESP<\/title>\n<meta name=\"robots\" content=\"index, follow, max-snippet:-1, max-image-preview:large, max-video-preview:-1\" \/>\n<link rel=\"canonical\" href=\"https:\/\/aguasdebolivar.com.co\/index.php\/sistema-de-gestion\/\" \/>\n<meta property=\"og:locale\" content=\"es_ES\" \/>\n<meta property=\"og:type\" content=\"article\" \/>\n<meta property=\"og:title\" content=\"Sistema de Gesti\u00f3n - Aguas de Bol\u00edvar SA ESP\" \/>\n<meta property=\"og:description\" content=\"Sistema de Gesti\u00f3n Aguas de Bol\u00edvar EN CONSTRUCCI\u00d3N Anexos Nombre del Archivo Link de Descargas Nombre del archivo Descarga Nombre del archivo Descarga Nombre del archivo Descarga Nombre del archivo Descarga Nombre del archivo Descarga\" \/>\n<meta property=\"og:url\" content=\"https:\/\/aguasdebolivar.com.co\/index.php\/sistema-de-gestion\/\" \/>\n<meta property=\"og:site_name\" content=\"Aguas de Bol\u00edvar SA ESP\" \/>\n<meta property=\"article:modified_time\" content=\"2026-04-17T17:05:16+00:00\" \/>\n<meta name=\"twitter:card\" content=\"summary_large_image\" \/>\n<meta name=\"twitter:label1\" content=\"Tiempo de lectura\" \/>\n\t<meta name=\"twitter:data1\" content=\"1 minuto\" \/>\n<script type=\"application\/ld+json\" class=\"yoast-schema-graph\">{\"@context\":\"https:\/\/schema.org\",\"@graph\":[{\"@type\":\"WebPage\",\"@id\":\"https:\/\/aguasdebolivar.com.co\/index.php\/sistema-de-gestion\/\",\"url\":\"https:\/\/aguasdebolivar.com.co\/index.php\/sistema-de-gestion\/\",\"name\":\"Sistema de Gesti\u00f3n - Aguas de Bol\u00edvar SA ESP\",\"isPartOf\":{\"@id\":\"https:\/\/aguasdebolivar.com.co\/#website\"},\"datePublished\":\"2024-12-20T02:27:28+00:00\",\"dateModified\":\"2026-04-17T17:05:16+00:00\",\"breadcrumb\":{\"@id\":\"https:\/\/aguasdebolivar.com.co\/index.php\/sistema-de-gestion\/#breadcrumb\"},\"inLanguage\":\"es-CO\",\"potentialAction\":[{\"@type\":\"ReadAction\",\"target\":[\"https:\/\/aguasdebolivar.com.co\/index.php\/sistema-de-gestion\/\"]}]},{\"@type\":\"BreadcrumbList\",\"@id\":\"https:\/\/aguasdebolivar.com.co\/index.php\/sistema-de-gestion\/#breadcrumb\",\"itemListElement\":[{\"@type\":\"ListItem\",\"position\":1,\"name\":\"Inicio\",\"item\":\"https:\/\/aguasdebolivar.com.co\/\"},{\"@type\":\"ListItem\",\"position\":2,\"name\":\"Sistema de Gesti\u00f3n\"}]},{\"@type\":\"WebSite\",\"@id\":\"https:\/\/aguasdebolivar.com.co\/#website\",\"url\":\"https:\/\/aguasdebolivar.com.co\/\",\"name\":\"Aguas de Bol\u00edvar SA ESP\",\"description\":\"Conectamos Desarrollo.\",\"publisher\":{\"@id\":\"https:\/\/aguasdebolivar.com.co\/#organization\"},\"potentialAction\":[{\"@type\":\"SearchAction\",\"target\":{\"@type\":\"EntryPoint\",\"urlTemplate\":\"https:\/\/aguasdebolivar.com.co\/?s={search_term_string}\"},\"query-input\":{\"@type\":\"PropertyValueSpecification\",\"valueRequired\":true,\"valueName\":\"search_term_string\"}}],\"inLanguage\":\"es-CO\"},{\"@type\":\"Organization\",\"@id\":\"https:\/\/aguasdebolivar.com.co\/#organization\",\"name\":\"Aguas de Bol\u00edvar SA ESP\",\"url\":\"https:\/\/aguasdebolivar.com.co\/\",\"logo\":{\"@type\":\"ImageObject\",\"inLanguage\":\"es-CO\",\"@id\":\"https:\/\/aguasdebolivar.com.co\/#\/schema\/logo\/image\/\",\"url\":\"https:\/\/aguasdebolivar.com.co\/wp-content\/uploads\/2024\/12\/logo_oficial_aguasdebolivar.svg\",\"contentUrl\":\"https:\/\/aguasdebolivar.com.co\/wp-content\/uploads\/2024\/12\/logo_oficial_aguasdebolivar.svg\",\"width\":1974,\"height\":865,\"caption\":\"Aguas de Bol\u00edvar SA ESP\"},\"image\":{\"@id\":\"https:\/\/aguasdebolivar.com.co\/#\/schema\/logo\/image\/\"}}]}<\/script>\n<!-- \/ Yoast SEO plugin. -->","yoast_head_json":{"title":"Sistema de Gesti\u00f3n - Aguas de Bol\u00edvar SA ESP","robots":{"index":"index","follow":"follow","max-snippet":"max-snippet:-1","max-image-preview":"max-image-preview:large","max-video-preview":"max-video-preview:-1"},"canonical":"https:\/\/aguasdebolivar.com.co\/index.php\/sistema-de-gestion\/","og_locale":"es_ES","og_type":"article","og_title":"Sistema de Gesti\u00f3n - Aguas de Bol\u00edvar SA ESP","og_description":"Sistema de Gesti\u00f3n Aguas de Bol\u00edvar EN CONSTRUCCI\u00d3N Anexos Nombre del Archivo Link de Descargas Nombre del archivo Descarga Nombre del archivo Descarga Nombre del archivo Descarga Nombre del archivo Descarga Nombre del archivo Descarga","og_url":"https:\/\/aguasdebolivar.com.co\/index.php\/sistema-de-gestion\/","og_site_name":"Aguas de Bol\u00edvar SA ESP","article_modified_time":"2026-04-17T17:05:16+00:00","twitter_card":"summary_large_image","twitter_misc":{"Tiempo de lectura":"1 minuto"},"schema":{"@context":"https:\/\/schema.org","@graph":[{"@type":"WebPage","@id":"https:\/\/aguasdebolivar.com.co\/index.php\/sistema-de-gestion\/","url":"https:\/\/aguasdebolivar.com.co\/index.php\/sistema-de-gestion\/","name":"Sistema de Gesti\u00f3n - Aguas de Bol\u00edvar SA ESP","isPartOf":{"@id":"https:\/\/aguasdebolivar.com.co\/#website"},"datePublished":"2024-12-20T02:27:28+00:00","dateModified":"2026-04-17T17:05:16+00:00","breadcrumb":{"@id":"https:\/\/aguasdebolivar.com.co\/index.php\/sistema-de-gestion\/#breadcrumb"},"inLanguage":"es-CO","potentialAction":[{"@type":"ReadAction","target":["https:\/\/aguasdebolivar.com.co\/index.php\/sistema-de-gestion\/"]}]},{"@type":"BreadcrumbList","@id":"https:\/\/aguasdebolivar.com.co\/index.php\/sistema-de-gestion\/#breadcrumb","itemListElement":[{"@type":"ListItem","position":1,"name":"Inicio","item":"https:\/\/aguasdebolivar.com.co\/"},{"@type":"ListItem","position":2,"name":"Sistema de Gesti\u00f3n"}]},{"@type":"WebSite","@id":"https:\/\/aguasdebolivar.com.co\/#website","url":"https:\/\/aguasdebolivar.com.co\/","name":"Aguas de Bol\u00edvar SA ESP","description":"Conectamos Desarrollo.","publisher":{"@id":"https:\/\/aguasdebolivar.com.co\/#organization"},"potentialAction":[{"@type":"SearchAction","target":{"@type":"EntryPoint","urlTemplate":"https:\/\/aguasdebolivar.com.co\/?s={search_term_string}"},"query-input":{"@type":"PropertyValueSpecification","valueRequired":true,"valueName":"search_term_string"}}],"inLanguage":"es-CO"},{"@type":"Organization","@id":"https:\/\/aguasdebolivar.com.co\/#organization","name":"Aguas de Bol\u00edvar SA ESP","url":"https:\/\/aguasdebolivar.com.co\/","logo":{"@type":"ImageObject","inLanguage":"es-CO","@id":"https:\/\/aguasdebolivar.com.co\/#\/schema\/logo\/image\/","url":"https:\/\/aguasdebolivar.com.co\/wp-content\/uploads\/2024\/12\/logo_oficial_aguasdebolivar.svg","contentUrl":"https:\/\/aguasdebolivar.com.co\/wp-content\/uploads\/2024\/12\/logo_oficial_aguasdebolivar.svg","width":1974,"height":865,"caption":"Aguas de Bol\u00edvar SA ESP"},"image":{"@id":"https:\/\/aguasdebolivar.com.co\/#\/schema\/logo\/image\/"}}]}},"_links":{"self":[{"href":"https:\/\/aguasdebolivar.com.co\/index.php\/wp-json\/wp\/v2\/pages\/3683","targetHints":{"allow":["GET"]}}],"collection":[{"href":"https:\/\/aguasdebolivar.com.co\/index.php\/wp-json\/wp\/v2\/pages"}],"about":[{"href":"https:\/\/aguasdebolivar.com.co\/index.php\/wp-json\/wp\/v2\/types\/page"}],"author":[{"embeddable":true,"href":"https:\/\/aguasdebolivar.com.co\/index.php\/wp-json\/wp\/v2\/users\/2"}],"replies":[{"embeddable":true,"href":"https:\/\/aguasdebolivar.com.co\/index.php\/wp-json\/wp\/v2\/comments?post=3683"}],"version-history":[{"count":7,"href":"https:\/\/aguasdebolivar.com.co\/index.php\/wp-json\/wp\/v2\/pages\/3683\/revisions"}],"predecessor-version":[{"id":6528,"href":"https:\/\/aguasdebolivar.com.co\/index.php\/wp-json\/wp\/v2\/pages\/3683\/revisions\/6528"}],"wp:attachment":[{"href":"https:\/\/aguasdebolivar.com.co\/index.php\/wp-json\/wp\/v2\/media?parent=3683"}],"curies":[{"name":"wp","href":"https:\/\/api.w.org\/{rel}","templated":true}]}}